{"id":8,"date":"2017-08-17T21:47:37","date_gmt":"2017-08-17T21:47:37","guid":{"rendered":"https:\/\/viejoluchador.com\/?page_id=8"},"modified":"2025-01-08T15:36:00","modified_gmt":"2025-01-08T15:36:00","slug":"who-we-are","status":"publish","type":"page","link":"https:\/\/viejoluchador.com\/es\/who-we-are\/","title":{"rendered":"Qui\u00e9nes somos"},"content":{"rendered":"<p><\/p>\n<h2>Sobre m\u00ed<\/h2>\n<p>Mi nombre es Javier Franco y soy el fundador de \u00abBe Successful\u00bb (sitio web biling\u00fce). Estoy casado con mi hermosa esposa Graciela por cuarenta a\u00f1os. Juntos tenemos dos hijos. Una hija llamada Paola y un hijo llamado Javier Emilio. Tambi\u00e9n hemos sido bendecidos con tres nietos. Nuestra hija tiene una ni\u00f1a llamada Micaela, y nuestro hijo tiene un hijo llamado Emilio y una hija llamada Jacqueline. Todos vivimos muy felices en Mississauga y Burlington, Canad\u00e1. Las dos ciudades est\u00e1n separadas por una distancia en carro de 30 minutos.<\/p>\n<p>Soy un ingeniero en Industrias Alimentarias. Me gradu\u00e9 de la Universidad Nacional Agraria La Molina, en Lima, Per\u00fa. Tambi\u00e9n tengo estudios en marketing, venta, finanzas, contabilidad y comercio internacional. He ocupado cargos de direcci\u00f3n en muchas empresas en Per\u00fa y Canad\u00e1. Antes de \u00abSuccess With Cancer\u00bb (sitio web biling\u00fce) tuve mi propio negocio peque\u00f1o \u00abDelta Internacional\u00bb donde yo era un corredor de frutas y hortalizas entre Per\u00fa y Canad\u00e1.<\/p>","protected":false},"excerpt":{"rendered":"<p>Sobre m\u00ed Mi nombre es Javier Franco y soy el fundador de \u00abBe Successful\u00bb (sitio web biling\u00fce). Estoy casado con mi hermosa esposa Graciela por cuarenta a\u00f1os. Juntos tenemos dos hijos. Una hija llamada Paola y un hijo llamado Javier Emilio. Tambi\u00e9n hemos sido bendecidos con tres nietos. Nuestra hija tiene una ni\u00f1a llamada Micaela, [&hellip;]<\/p>\n","protected":false},"author":1,"featured_media":122,"parent":0,"menu_order":0,"comment_status":"closed","ping_status":"closed","template":"about.php","meta":{"footnotes":""},"class_list":["post-8","page","type-page","status-publish","has-post-thumbnail","hentry"],"yoast_head":"<!-- This site is optimized with the Yoast SEO plugin v27.6 - https:\/\/yoast.com\/product\/yoast-seo-wordpress\/ -->\n<title>Qui\u00e9nes somos - Be Successful<\/title>\n<meta name=\"description\" content=\"Mi nombre es Javier Franco y soy el fundador de \u201cBe Successful\u201d (sitio web biling\u00fce). Estoy casado con mi hermosa esposa Graciela por cuarenta a\u00f1os.\" \/>\n<meta name=\"robots\" content=\"index, follow, max-snippet:-1, max-image-preview:large, max-video-preview:-1\" \/>\n<link rel=\"canonical\" href=\"https:\/\/viejoluchador.com\/es\/who-we-are\/\" \/>\n<meta property=\"og:locale\" content=\"es_ES\" \/>\n<meta property=\"og:type\" content=\"article\" \/>\n<meta property=\"og:title\" content=\"Qui\u00e9nes somos - Be Successful\" \/>\n<meta property=\"og:description\" content=\"Mi nombre es Javier Franco y soy el fundador de \u201cBe Successful\u201d (sitio web biling\u00fce). Estoy casado con mi hermosa esposa Graciela por cuarenta a\u00f1os.\" \/>\n<meta property=\"og:url\" content=\"https:\/\/viejoluchador.com\/es\/who-we-are\/\" \/>\n<meta property=\"og:site_name\" content=\"Be Successful\" \/>\n<meta property=\"article:modified_time\" content=\"2025-01-08T15:36:00+00:00\" \/>\n<meta property=\"og:image\" content=\"https:\/\/viejoluchador.com\/wp-content\/uploads\/2017\/08\/banner-who-we-are.jpg\" \/>\n\t<meta property=\"og:image:width\" content=\"1920\" \/>\n\t<meta property=\"og:image:height\" content=\"500\" \/>\n\t<meta property=\"og:image:type\" content=\"image\/jpeg\" \/>\n<meta name=\"twitter:card\" content=\"summary_large_image\" \/>\n<meta name=\"twitter:label1\" content=\"Tiempo de lectura\" \/>\n\t<meta name=\"twitter:data1\" content=\"2 minutos\" \/>\n<script type=\"application\/ld+json\" class=\"yoast-schema-graph\">{\"@context\":\"https:\\\/\\\/schema.org\",\"@graph\":[{\"@type\":\"WebPage\",\"@id\":\"https:\\\/\\\/viejoluchador.com\\\/es\\\/who-we-are\\\/\",\"url\":\"https:\\\/\\\/viejoluchador.com\\\/es\\\/who-we-are\\\/\",\"name\":\"Qui\u00e9nes somos - Be Successful\",\"isPartOf\":{\"@id\":\"https:\\\/\\\/viejoluchador.com\\\/#website\"},\"primaryImageOfPage\":{\"@id\":\"https:\\\/\\\/viejoluchador.com\\\/es\\\/who-we-are\\\/#primaryimage\"},\"image\":{\"@id\":\"https:\\\/\\\/viejoluchador.com\\\/es\\\/who-we-are\\\/#primaryimage\"},\"thumbnailUrl\":\"https:\\\/\\\/viejoluchador.com\\\/wp-content\\\/uploads\\\/2017\\\/08\\\/banner-who-we-are.jpg\",\"datePublished\":\"2017-08-17T21:47:37+00:00\",\"dateModified\":\"2025-01-08T15:36:00+00:00\",\"description\":\"Mi nombre es Javier Franco y soy el fundador de \u201cBe Successful\u201d (sitio web biling\u00fce). Estoy casado con mi hermosa esposa Graciela por cuarenta a\u00f1os.\",\"breadcrumb\":{\"@id\":\"https:\\\/\\\/viejoluchador.com\\\/es\\\/who-we-are\\\/#breadcrumb\"},\"inLanguage\":\"es\",\"potentialAction\":[{\"@type\":\"ReadAction\",\"target\":[\"https:\\\/\\\/viejoluchador.com\\\/es\\\/who-we-are\\\/\"]}]},{\"@type\":\"ImageObject\",\"inLanguage\":\"es\",\"@id\":\"https:\\\/\\\/viejoluchador.com\\\/es\\\/who-we-are\\\/#primaryimage\",\"url\":\"https:\\\/\\\/viejoluchador.com\\\/wp-content\\\/uploads\\\/2017\\\/08\\\/banner-who-we-are.jpg\",\"contentUrl\":\"https:\\\/\\\/viejoluchador.com\\\/wp-content\\\/uploads\\\/2017\\\/08\\\/banner-who-we-are.jpg\",\"width\":1920,\"height\":500},{\"@type\":\"BreadcrumbList\",\"@id\":\"https:\\\/\\\/viejoluchador.com\\\/es\\\/who-we-are\\\/#breadcrumb\",\"itemListElement\":[{\"@type\":\"ListItem\",\"position\":1,\"name\":\"Home\",\"item\":\"https:\\\/\\\/viejoluchador.com\\\/\"},{\"@type\":\"ListItem\",\"position\":2,\"name\":\"Qui\u00e9nes somos\"}]},{\"@type\":\"WebSite\",\"@id\":\"https:\\\/\\\/viejoluchador.com\\\/#website\",\"url\":\"https:\\\/\\\/viejoluchador.com\\\/\",\"name\":\"Be Successful\",\"description\":\"T\u00fa puedes\",\"potentialAction\":[{\"@type\":\"SearchAction\",\"target\":{\"@type\":\"EntryPoint\",\"urlTemplate\":\"https:\\\/\\\/viejoluchador.com\\\/?s={search_term_string}\"},\"query-input\":{\"@type\":\"PropertyValueSpecification\",\"valueRequired\":true,\"valueName\":\"search_term_string\"}}],\"inLanguage\":\"es\"}]}<\/script>\n<!-- \/ Yoast SEO plugin. -->","yoast_head_json":{"title":"Qui\u00e9nes somos - Be Successful","description":"Mi nombre es Javier Franco y soy el fundador de \u201cBe Successful\u201d (sitio web biling\u00fce). Estoy casado con mi hermosa esposa Graciela por cuarenta a\u00f1os.","robots":{"index":"index","follow":"follow","max-snippet":"max-snippet:-1","max-image-preview":"max-image-preview:large","max-video-preview":"max-video-preview:-1"},"canonical":"https:\/\/viejoluchador.com\/es\/who-we-are\/","og_locale":"es_ES","og_type":"article","og_title":"Qui\u00e9nes somos - Be Successful","og_description":"Mi nombre es Javier Franco y soy el fundador de \u201cBe Successful\u201d (sitio web biling\u00fce). Estoy casado con mi hermosa esposa Graciela por cuarenta a\u00f1os.","og_url":"https:\/\/viejoluchador.com\/es\/who-we-are\/","og_site_name":"Be Successful","article_modified_time":"2025-01-08T15:36:00+00:00","og_image":[{"width":1920,"height":500,"url":"https:\/\/viejoluchador.com\/wp-content\/uploads\/2017\/08\/banner-who-we-are.jpg","type":"image\/jpeg"}],"twitter_card":"summary_large_image","twitter_misc":{"Tiempo de lectura":"2 minutos"},"schema":{"@context":"https:\/\/schema.org","@graph":[{"@type":"WebPage","@id":"https:\/\/viejoluchador.com\/es\/who-we-are\/","url":"https:\/\/viejoluchador.com\/es\/who-we-are\/","name":"Qui\u00e9nes somos - Be Successful","isPartOf":{"@id":"https:\/\/viejoluchador.com\/#website"},"primaryImageOfPage":{"@id":"https:\/\/viejoluchador.com\/es\/who-we-are\/#primaryimage"},"image":{"@id":"https:\/\/viejoluchador.com\/es\/who-we-are\/#primaryimage"},"thumbnailUrl":"https:\/\/viejoluchador.com\/wp-content\/uploads\/2017\/08\/banner-who-we-are.jpg","datePublished":"2017-08-17T21:47:37+00:00","dateModified":"2025-01-08T15:36:00+00:00","description":"Mi nombre es Javier Franco y soy el fundador de \u201cBe Successful\u201d (sitio web biling\u00fce). Estoy casado con mi hermosa esposa Graciela por cuarenta a\u00f1os.","breadcrumb":{"@id":"https:\/\/viejoluchador.com\/es\/who-we-are\/#breadcrumb"},"inLanguage":"es","potentialAction":[{"@type":"ReadAction","target":["https:\/\/viejoluchador.com\/es\/who-we-are\/"]}]},{"@type":"ImageObject","inLanguage":"es","@id":"https:\/\/viejoluchador.com\/es\/who-we-are\/#primaryimage","url":"https:\/\/viejoluchador.com\/wp-content\/uploads\/2017\/08\/banner-who-we-are.jpg","contentUrl":"https:\/\/viejoluchador.com\/wp-content\/uploads\/2017\/08\/banner-who-we-are.jpg","width":1920,"height":500},{"@type":"BreadcrumbList","@id":"https:\/\/viejoluchador.com\/es\/who-we-are\/#breadcrumb","itemListElement":[{"@type":"ListItem","position":1,"name":"Home","item":"https:\/\/viejoluchador.com\/"},{"@type":"ListItem","position":2,"name":"Qui\u00e9nes somos"}]},{"@type":"WebSite","@id":"https:\/\/viejoluchador.com\/#website","url":"https:\/\/viejoluchador.com\/","name":"Be Successful","description":"T\u00fa puedes","potentialAction":[{"@type":"SearchAction","target":{"@type":"EntryPoint","urlTemplate":"https:\/\/viejoluchador.com\/?s={search_term_string}"},"query-input":{"@type":"PropertyValueSpecification","valueRequired":true,"valueName":"search_term_string"}}],"inLanguage":"es"}]}},"_links":{"self":[{"href":"https:\/\/viejoluchador.com\/es\/wp-json\/wp\/v2\/pages\/8","targetHints":{"allow":["GET"]}}],"collection":[{"href":"https:\/\/viejoluchador.com\/es\/wp-json\/wp\/v2\/pages"}],"about":[{"href":"https:\/\/viejoluchador.com\/es\/wp-json\/wp\/v2\/types\/page"}],"author":[{"embeddable":true,"href":"https:\/\/viejoluchador.com\/es\/wp-json\/wp\/v2\/users\/1"}],"replies":[{"embeddable":true,"href":"https:\/\/viejoluchador.com\/es\/wp-json\/wp\/v2\/comments?post=8"}],"version-history":[{"count":31,"href":"https:\/\/viejoluchador.com\/es\/wp-json\/wp\/v2\/pages\/8\/revisions"}],"predecessor-version":[{"id":501,"href":"https:\/\/viejoluchador.com\/es\/wp-json\/wp\/v2\/pages\/8\/revisions\/501"}],"wp:featuredmedia":[{"embeddable":true,"href":"https:\/\/viejoluchador.com\/es\/wp-json\/wp\/v2\/media\/122"}],"wp:attachment":[{"href":"https:\/\/viejoluchador.com\/es\/wp-json\/wp\/v2\/media?parent=8"}],"curies":[{"name":"wp","href":"https:\/\/api.w.org\/{rel}","templated":true}]}}